{"id":155,"date":"2024-06-25T16:52:56","date_gmt":"2024-06-25T14:52:56","guid":{"rendered":"https:\/\/boutique.fhh.qwerpy.ch\/homepage\/"},"modified":"2025-02-13T16:36:16","modified_gmt":"2025-02-13T15:36:16","slug":"homepage","status":"publish","type":"page","link":"https:\/\/boutique.fhh.qwerpy.ch\/fr\/","title":{"rendered":"Homepage"},"content":{"rendered":"\n<div class=\"wp-block-cover alignfull is-light\" style=\"min-height:672px;aspect-ratio:unset;\"><span aria-hidden=\"true\" class=\"wp-block-cover__background has-background-dim-30 has-background-dim\"><\/span><img loading=\"lazy\" decoding=\"async\" width=\"1728\" height=\"1152\" class=\"wp-block-cover__image-background wp-image-87\" alt=\"\" src=\"https:\/\/boutique.fhh.qwerpy.ch\/app\/uploads\/2024\/06\/Advisor_mockup_1728x.jpg\" data-object-fit=\"cover\" srcset=\"https:\/\/boutique.fhh.qwerpy.ch\/app\/uploads\/2024\/06\/Advisor_mockup_1728x.jpg 1728w, https:\/\/boutique.fhh.qwerpy.ch\/app\/uploads\/2024\/06\/Advisor_mockup_1728x-300x200.jpg 300w, https:\/\/boutique.fhh.qwerpy.ch\/app\/uploads\/2024\/06\/Advisor_mockup_1728x-1024x683.jpg 1024w, https:\/\/boutique.fhh.qwerpy.ch\/app\/uploads\/2024\/06\/Advisor_mockup_1728x-768x512.jpg 768w, https:\/\/boutique.fhh.qwerpy.ch\/app\/uploads\/2024\/06\/Advisor_mockup_1728x-1536x1024.jpg 1536w, https:\/\/boutique.fhh.qwerpy.ch\/app\/uploads\/2024\/06\/Advisor_mockup_1728x-1320x880.jpg 1320w, https:\/\/boutique.fhh.qwerpy.ch\/app\/uploads\/2024\/06\/Advisor_mockup_1728x-600x400.jpg 600w\" sizes=\"auto, (max-width: 1728px) 100vw, 1728px\" \/><div class=\"wp-block-cover__inner-container is-layout-flow wp-block-cover-is-layout-flow\">\n<h1 class=\"wp-block-heading has-text-align-center has-white-color has-text-color has-link-color wp-elements-63012af989c466caf12803fb8df1c073\" style=\"font-size:50px;font-style:normal;font-weight:700;text-transform:uppercase\"><figure class=\"wp-block-image size-full\"><img loading=\"lazy\" decoding=\"async\" src=\"https:\/\/boutique.fhh.qwerpy.ch\/app\/uploads\/2024\/07\/logo.svg\" alt=\"FHH Academy\" class=\"wp-image-267\" width=\"430\" height=\"46\"><\/figure><\/h1>\n\n\n\n<p class=\"has-text-align-center txt-sup has-white-color has-text-color has-link-color wp-elements-9eae975a28a20740e66d096b4f40a7d5\" style=\"text-transform:uppercase\">Bienvenue dans la boutique en ligne de la FHH Academy&nbsp;! D\u00e9couvrez nos services digitaux qui vous permettront d&rsquo;en apprendre plus sur l&rsquo;horlogerie et de certifier vos connaissances.<\/p>\n<\/div><\/div>\n\n\n\n<div class=\"wp-block-columns strate is-layout-flex wp-container-core-columns-is-layout-28f84493 wp-block-columns-is-layout-flex\">\n<div class=\"wp-block-column has-border-color is-layout-flow wp-block-column-is-layout-flow\" style=\"border-color:#68afa9;border-width:1px;padding-top:var(--wp--preset--spacing--50);padding-right:var(--wp--preset--spacing--50);padding-bottom:var(--wp--preset--spacing--50);padding-left:var(--wp--preset--spacing--50)\">\n<figure class=\"wp-block-image aligncenter size-full is-resized themed\"><img loading=\"lazy\" decoding=\"async\" width=\"512\" height=\"512\" src=\"https:\/\/boutique.fhh.qwerpy.ch\/app\/uploads\/2025\/02\/picto-formation.png\" alt=\"\" class=\"wp-image-765\" style=\"object-fit:cover;width:80px;height:80px\" srcset=\"https:\/\/boutique.fhh.qwerpy.ch\/app\/uploads\/2025\/02\/picto-formation.png 512w, https:\/\/boutique.fhh.qwerpy.ch\/app\/uploads\/2025\/02\/picto-formation-300x300.png 300w, https:\/\/boutique.fhh.qwerpy.ch\/app\/uploads\/2025\/02\/picto-formation-150x150.png 150w, https:\/\/boutique.fhh.qwerpy.ch\/app\/uploads\/2025\/02\/picto-formation-100x100.png 100w\" sizes=\"auto, (max-width: 512px) 100vw, 512px\" \/><\/figure>\n\n\n\n<h2 class=\"wp-block-heading has-text-align-center\">Formation en ligne<\/h2>\n\n\n\n<p><strong>Approfondir vos connaissances<\/strong><br>Gr\u00e2ce \u00e0 des formations en ligne sous forme de vid\u00e9os apprenantes, d\u00e9couvrez le merveilleux monde de l&rsquo;horlogerie et approfondissez vos connaissances. Id\u00e9al pour acqu\u00e9rir une solide base dans le monde de l&rsquo;horlogerie.<\/p>\n\n\n\n<p><a href=\"https:\/\/boutique.fhh.qwerpy.ch\/fr\/category\/formations\/formation-en-ligne\/\">More<\/a><\/p>\n<\/div>\n\n\n\n<div class=\"wp-block-column has-border-color is-layout-flow wp-block-column-is-layout-flow\" style=\"border-color:#68afa9;border-width:1px;padding-top:var(--wp--preset--spacing--50);padding-right:var(--wp--preset--spacing--50);padding-bottom:var(--wp--preset--spacing--50);padding-left:var(--wp--preset--spacing--50)\">\n<figure class=\"wp-block-image aligncenter size-full is-resized themed\"><img loading=\"lazy\" decoding=\"async\" width=\"512\" height=\"512\" src=\"https:\/\/boutique.fhh.qwerpy.ch\/app\/uploads\/2025\/02\/picto-certif.png\" alt=\"\" class=\"wp-image-763\" style=\"object-fit:cover;width:80px;height:80px\" srcset=\"https:\/\/boutique.fhh.qwerpy.ch\/app\/uploads\/2025\/02\/picto-certif.png 512w, https:\/\/boutique.fhh.qwerpy.ch\/app\/uploads\/2025\/02\/picto-certif-300x300.png 300w, https:\/\/boutique.fhh.qwerpy.ch\/app\/uploads\/2025\/02\/picto-certif-150x150.png 150w, https:\/\/boutique.fhh.qwerpy.ch\/app\/uploads\/2025\/02\/picto-certif-100x100.png 100w\" sizes=\"auto, (max-width: 512px) 100vw, 512px\" \/><\/figure>\n\n\n\n<h2 class=\"wp-block-heading has-text-align-center\">Certifications<\/h2>\n\n\n\n<p><strong>Valider vos connaissances<\/strong><br>La Fondation Haute Horlogerie d\u00e9livre la seule certification internationalement reconnue en mati\u00e8re de connaissances th\u00e9oriques horlog\u00e8res : la FHH Certification, r\u00e9partie sur trois niveaux : Watch Advisor, Watch Specialist et Watch Expert.<\/p>\n\n\n\n<p><a href=\"https:\/\/boutique.fhh.qwerpy.ch\/certifications\/\">More<\/a><\/p>\n<\/div>\n\n\n\n<div class=\"wp-block-column has-border-color is-layout-flow wp-block-column-is-layout-flow\" style=\"border-color:#68afa9;border-width:1px;padding-top:var(--wp--preset--spacing--50);padding-right:var(--wp--preset--spacing--50);padding-bottom:var(--wp--preset--spacing--50);padding-left:var(--wp--preset--spacing--50)\">\n<figure class=\"wp-block-image aligncenter size-full is-resized themed\"><img loading=\"lazy\" decoding=\"async\" width=\"512\" height=\"512\" src=\"https:\/\/boutique.fhh.qwerpy.ch\/app\/uploads\/2025\/02\/picto-bundle.png\" alt=\"\" class=\"wp-image-761\" style=\"object-fit:cover;width:80px;height:80px\" srcset=\"https:\/\/boutique.fhh.qwerpy.ch\/app\/uploads\/2025\/02\/picto-bundle.png 512w, https:\/\/boutique.fhh.qwerpy.ch\/app\/uploads\/2025\/02\/picto-bundle-300x300.png 300w, https:\/\/boutique.fhh.qwerpy.ch\/app\/uploads\/2025\/02\/picto-bundle-150x150.png 150w, https:\/\/boutique.fhh.qwerpy.ch\/app\/uploads\/2025\/02\/picto-bundle-100x100.png 100w\" sizes=\"auto, (max-width: 512px) 100vw, 512px\" \/><\/figure>\n\n\n\n<h2 class=\"wp-block-heading has-text-align-center\">Bundle<\/h2>\n\n\n\n<p><strong>Self Learning + Certification<\/strong><br>Our suggestion! Master the fundamentals and make sure not to miss the FHH Watch Advisor Test.<\/p>\n\n\n\n<p><a href=\"\/?product_cat=web-series\">More<\/a><\/p>\n<\/div>\n<\/div>\n\n\n\n<div class=\"wp-block-group alignfull strate bg-alt mid-width is-vertical is-content-justification-center is-layout-flex wp-container-core-group-is-layout-ce155fab wp-block-group-is-layout-flex\">\n<div class=\"wp-block-group is-vertical is-layout-flex wp-container-core-group-is-layout-fe9cc265 wp-block-group-is-layout-flex\">\n<p class=\"has-text-align-center bg-light\" style=\"font-size:22px\"><span style=\"color:#D8BD67\">Remarque importante<\/span><br>Cette boutique en ligne offre notamment l&rsquo;acc\u00e8s \u00e0 un outil d&rsquo;autoformation pour la certification FHH Watch Advisor. Aucun programme d&rsquo;autoformation n&rsquo;est actuellement disponible pour les certifications sup\u00e9rieures FHH Watch Specialist et FHH Watch Expert. Toutefois, vous pouvez \u00e9tudier la bibliographie de la FHH pour votre formation. Vous aurez \u00e9galement acc\u00e8s \u00e0 du contenu num\u00e9rique (app de formation en ligne) et \u00e0 un test d&rsquo;entra\u00eenement.<\/p>\n<\/div>\n\n\n\n<div class=\"wp-block-group is-vertical is-content-justification-center is-layout-flex wp-container-core-group-is-layout-ce155fab wp-block-group-is-layout-flex\">\n<h2 class=\"wp-block-heading has-text-align-center\" style=\"font-size:28px\">\u00c0 propos de la FHH Academy<\/h2>\n\n\n\n<p class=\"has-text-align-center\" style=\"font-size:28px\">Since 2014, the FHH&nbsp;Academy is the entity dedicated to watchmaking education of the Fondation de la Haute Horlogerie, whose mission is to promote and transmit watchmaking culture throughout the world.<\/p>\n\n\n\n<p class=\"has-text-align-center\"><a href=\"https:\/\/boutique.fhh.qwerpy.ch\/fr\/a-propos\/\">More<\/a><\/p>\n<\/div>\n<\/div>\n\n\n\n<p><\/p>\n","protected":false},"excerpt":{"rendered":"<p>Formation en ligne Approfondir vos connaissancesGr\u00e2ce \u00e0 des formations en ligne sous forme de vid\u00e9os apprenantes, d\u00e9couvrez le merveilleux monde de l&rsquo;horlogerie et approfondissez vos connaissances. Id\u00e9al pour acqu\u00e9rir une solide base dans le monde de l&rsquo;horlogerie. More Certifications Valider vos connaissancesLa Fondation Haute Horlogerie d\u00e9livre la seule certification internationalement reconnue en mati\u00e8re de connaissances [&hellip;]<\/p>\n","protected":false},"author":1,"featured_media":0,"parent":0,"menu_order":0,"comment_status":"closed","ping_status":"closed","template":"","meta":{"_acf_changed":false,"footnotes":""},"class_list":["post-155","page","type-page","status-publish","hentry"],"acf":[],"_links":{"self":[{"href":"https:\/\/boutique.fhh.qwerpy.ch\/fr\/wp-json\/wp\/v2\/pages\/155","targetHints":{"allow":["GET"]}}],"collection":[{"href":"https:\/\/boutique.fhh.qwerpy.ch\/fr\/wp-json\/wp\/v2\/pages"}],"about":[{"href":"https:\/\/boutique.fhh.qwerpy.ch\/fr\/wp-json\/wp\/v2\/types\/page"}],"author":[{"embeddable":true,"href":"https:\/\/boutique.fhh.qwerpy.ch\/fr\/wp-json\/wp\/v2\/users\/1"}],"replies":[{"embeddable":true,"href":"https:\/\/boutique.fhh.qwerpy.ch\/fr\/wp-json\/wp\/v2\/comments?post=155"}],"version-history":[{"count":11,"href":"https:\/\/boutique.fhh.qwerpy.ch\/fr\/wp-json\/wp\/v2\/pages\/155\/revisions"}],"predecessor-version":[{"id":822,"href":"https:\/\/boutique.fhh.qwerpy.ch\/fr\/wp-json\/wp\/v2\/pages\/155\/revisions\/822"}],"wp:attachment":[{"href":"https:\/\/boutique.fhh.qwerpy.ch\/fr\/wp-json\/wp\/v2\/media?parent=155"}],"curies":[{"name":"wp","href":"https:\/\/api.w.org\/{rel}","templated":true}]}}