{"id":200,"date":"2024-06-25T20:38:56","date_gmt":"2024-06-25T18:38:56","guid":{"rendered":"https:\/\/boutique.fhh.qwerpy.ch\/a-propos\/"},"modified":"2025-02-06T15:07:09","modified_gmt":"2025-02-06T14:07:09","slug":"a-propos","status":"publish","type":"page","link":"https:\/\/boutique.fhh.qwerpy.ch\/fr\/a-propos\/","title":{"rendered":"\u00c0 propos"},"content":{"rendered":"\n<p>La FHH Academy est la seule organisation qui ma\u00eetrise, transmet et \u00e9value le savoir horloger \u00e0 l&rsquo;\u00e9chelle mondiale. Depuis 2014, elle est l\u2019entit\u00e9 de formation horlog\u00e8re de la Fondation de la Haute Horlogerie, dont la mission est de promouvoir et de transmettre la culture horlog\u00e8re \u00e0 travers le monde. La FHH Academy met en place des programmes d&rsquo;\u00e9veil \u00e0 l&rsquo;horlogerie et de formations destin\u00e9s \u00e0 am\u00e9liorer les performances commerciales des professionnels du secteur.<\/p>\n\n\n\n<p>Sur <strong>FHH Academy Boutique<\/strong>, nous vous proposons l&rsquo;acc\u00e8s aux <strong>Watch Essentials Video Series<\/strong> pour vous former, ainsi que la possibilit\u00e9 de passer les <strong>certifications FHH<\/strong>, le tout en ligne.<\/p>\n\n\n\n<p>Gr\u00e2ce \u00e0 son r\u00e9seau international de 22 formateurs, la FHH Academy propose une gamme compl\u00e8te de formations, de conf\u00e9rences, de cours et d\u2019ateliers dispens\u00e9s en plus de 10 langues. Les programmes de formation sont sp\u00e9cialement con\u00e7us par des horlogers et des professionnels de la vente, et valid\u00e9s par des experts en p\u00e9dagogie. Les participants qui r\u00e9ussissent la formation re\u00e7oivent un certificat reconnu \u00e0 l&rsquo;\u00e9chelle mondiale : la FHH Certification.<\/p>\n\n\n\n<p>En tant qu&rsquo;organisme officiel reconnu internationalement, la FHH Academy a form\u00e9 plus de 35 000 personnes et certifi\u00e9 plus de 12 000 apprenants \u00e0 travers le monde depuis sa cr\u00e9ation en 2014.<\/p>\n\n\n\n<p><strong>+100<\/strong> Clients<br><strong>+12 000<\/strong> Certifi\u00e9s depuis notre cr\u00e9ation<br><strong>+35 000<\/strong> Personnes form\u00e9es<br><strong>20<\/strong> Pays<\/p>\n\n\n<div class=\"glasshouse-chiffres-cles-parent\">\n    \n<div class=\"wp-block-glasshouse-chiffres-cles-parent\"><div class=\"chiffre-cle-item\" style=\"border-color:#00cccc;\">\n    <p>+100 <span>Clients<\/span><\/p>\n<\/div>\n\n<div class=\"chiffre-cle-item\" style=\"border-color:#00cccc;\">\n    <p>+12 000 <span>Certifi\u00e9s depuis notre cr\u00e9ation<\/span><\/p>\n<\/div>\n\n<div class=\"chiffre-cle-item\" style=\"border-color:#00cccc;\">\n    <p>+35 000 <span>Personnes form\u00e9es<\/span><\/p>\n<\/div>\n\n<div class=\"chiffre-cle-item\" style=\"border-color:#00cccc;\">\n    <p>20 <span>Pays<\/span><\/p>\n<\/div><\/div>\n<\/div>\n\n\n\n<p><a href=\"https:\/\/www.hautehorlogerie.org\/fr\/\" target=\"_blank\" rel=\"noreferrer noopener\">Fondation de la Haute Horlogerie<\/a><br><a href=\"https:\/\/www.hautehorlogerie.org\/fr\/fhh-academy\/a-propos-de-la-fhh-academy\" target=\"_blank\" rel=\"noreferrer noopener\">FHH Academy<\/a><\/p>\n","protected":false},"excerpt":{"rendered":"<p>La FHH Academy est la seule organisation qui ma\u00eetrise, transmet et \u00e9value le savoir horloger \u00e0 l&rsquo;\u00e9chelle mondiale. Depuis 2014, elle est l\u2019entit\u00e9 de formation horlog\u00e8re de la Fondation de la Haute Horlogerie, dont la mission est de promouvoir et de transmettre la culture horlog\u00e8re \u00e0 travers le monde. La FHH Academy met en place [&hellip;]<\/p>\n","protected":false},"author":1,"featured_media":0,"parent":0,"menu_order":0,"comment_status":"closed","ping_status":"closed","template":"","meta":{"_acf_changed":false,"footnotes":""},"class_list":["post-200","page","type-page","status-publish","hentry"],"acf":[],"_links":{"self":[{"href":"https:\/\/boutique.fhh.qwerpy.ch\/fr\/wp-json\/wp\/v2\/pages\/200","targetHints":{"allow":["GET"]}}],"collection":[{"href":"https:\/\/boutique.fhh.qwerpy.ch\/fr\/wp-json\/wp\/v2\/pages"}],"about":[{"href":"https:\/\/boutique.fhh.qwerpy.ch\/fr\/wp-json\/wp\/v2\/types\/page"}],"author":[{"embeddable":true,"href":"https:\/\/boutique.fhh.qwerpy.ch\/fr\/wp-json\/wp\/v2\/users\/1"}],"replies":[{"embeddable":true,"href":"https:\/\/boutique.fhh.qwerpy.ch\/fr\/wp-json\/wp\/v2\/comments?post=200"}],"version-history":[{"count":6,"href":"https:\/\/boutique.fhh.qwerpy.ch\/fr\/wp-json\/wp\/v2\/pages\/200\/revisions"}],"predecessor-version":[{"id":776,"href":"https:\/\/boutique.fhh.qwerpy.ch\/fr\/wp-json\/wp\/v2\/pages\/200\/revisions\/776"}],"wp:attachment":[{"href":"https:\/\/boutique.fhh.qwerpy.ch\/fr\/wp-json\/wp\/v2\/media?parent=200"}],"curies":[{"name":"wp","href":"https:\/\/api.w.org\/{rel}","templated":true}]}}