{"id":450,"date":"2024-07-15T16:52:09","date_gmt":"2024-07-15T14:52:09","guid":{"rendered":"https:\/\/boutique.fhh.qwerpy.ch\/panier-2\/"},"modified":"2024-11-17T17:11:20","modified_gmt":"2024-11-17T16:11:20","slug":"panier","status":"publish","type":"page","link":"https:\/\/boutique.fhh.qwerpy.ch\/fr\/panier\/","title":{"rendered":"Panier"},"content":{"rendered":"\n<div data-block-name=\"woocommerce\/cart\" class=\"wp-block-woocommerce-cart alignwide is-loading\">\n<div data-block-name=\"woocommerce\/filled-cart-block\" class=\"wp-block-woocommerce-filled-cart-block strate\">\n<div data-block-name=\"woocommerce\/cart-items-block\" class=\"wp-block-woocommerce-cart-items-block\">\n<div data-block-name=\"woocommerce\/cart-line-items-block\" class=\"wp-block-woocommerce-cart-line-items-block\"><\/div>\n\n\n\n<div data-block-name=\"woocommerce\/cart-cross-sells-block\" class=\"wp-block-woocommerce-cart-cross-sells-block\">\n<h2 class=\"wp-block-heading has-large-font-size\">Vous pourriez \u00eatre int\u00e9ress\u00e9(e) par&#8230;<\/h2>\n\n\n\n<div data-block-name=\"woocommerce\/cart-cross-sells-products-block\" class=\"wp-block-woocommerce-cart-cross-sells-products-block\"><\/div>\n<\/div>\n<\/div>\n\n\n\n<div data-block-name=\"woocommerce\/cart-totals-block\" class=\"wp-block-woocommerce-cart-totals-block\">\n<div data-block-name=\"woocommerce\/cart-order-summary-block\" class=\"wp-block-woocommerce-cart-order-summary-block\">\n<div data-block-name=\"woocommerce\/cart-order-summary-heading-block\" class=\"wp-block-woocommerce-cart-order-summary-heading-block\"><\/div>\n\n\n\n<div data-block-name=\"woocommerce\/cart-order-summary-coupon-form-block\" class=\"wp-block-woocommerce-cart-order-summary-coupon-form-block\"><\/div>\n\n\n\n<div data-block-name=\"woocommerce\/cart-order-summary-totals-block\" class=\"wp-block-woocommerce-cart-order-summary-totals-block\">\n<div data-block-name=\"woocommerce\/cart-order-summary-subtotal-block\" class=\"wp-block-woocommerce-cart-order-summary-subtotal-block\"><\/div>\n\n\n\n<div data-block-name=\"woocommerce\/cart-order-summary-fee-block\" class=\"wp-block-woocommerce-cart-order-summary-fee-block\"><\/div>\n\n\n\n<div data-block-name=\"woocommerce\/cart-order-summary-discount-block\" class=\"wp-block-woocommerce-cart-order-summary-discount-block\"><\/div>\n\n\n\n<div data-block-name=\"woocommerce\/cart-order-summary-shipping-block\" class=\"wp-block-woocommerce-cart-order-summary-shipping-block\"><\/div>\n\n\n\n<div data-block-name=\"woocommerce\/cart-order-summary-taxes-block\" class=\"wp-block-woocommerce-cart-order-summary-taxes-block\"><\/div>\n<\/div>\n<\/div>\n\n\n\n<div data-block-name=\"woocommerce\/cart-express-payment-block\" class=\"wp-block-woocommerce-cart-express-payment-block\"><\/div>\n\n\n\n<div data-block-name=\"woocommerce\/proceed-to-checkout-block\" class=\"wp-block-woocommerce-proceed-to-checkout-block\"><\/div>\n\n\n\n<div data-block-name=\"woocommerce\/cart-accepted-payment-methods-block\" class=\"wp-block-woocommerce-cart-accepted-payment-methods-block\"><\/div>\n<\/div>\n<\/div>\n\n\n\n<div data-block-name=\"woocommerce\/empty-cart-block\" class=\"wp-block-woocommerce-empty-cart-block strate\">\n<h2 class=\"wp-block-heading has-text-align-center with-empty-cart-icon wc-block-cart__empty-cart__title\">Votre panier est vide.<\/h2>\n\n\n\n<hr class=\"wp-block-separator has-alpha-channel-opacity is-style-dots\"\/>\n\n\n\n<h2 class=\"wp-block-heading has-text-align-center\">Nouveau<\/h2>\n\n\n<div data-block-name=\"woocommerce\/product-new\" data-columns=\"4\" data-rows=\"1\" class=\"wc-block-grid wp-block-product-new wp-block-woocommerce-product-new wc-block-product-new has-4-columns\"><ul class=\"wc-block-grid__products\"><li class=\"wc-block-grid__product\">\n\t\t\t\t<a href=\"https:\/\/boutique.fhh.qwerpy.ch\/fr\/boutique\/watch-essentials-video-series-including-watch-advisor-certification-test-2\/\" class=\"wc-block-grid__product-link\">\n\t\t\t\t\t\n\t\t\t\t\t<div class=\"wc-block-grid__product-image\"><img loading=\"lazy\" decoding=\"async\" width=\"562\" height=\"400\" src=\"https:\/\/boutique.fhh.qwerpy.ch\/app\/uploads\/2024\/07\/visuel-watch-essentials.jpg\" class=\"attachment-woocommerce_thumbnail size-woocommerce_thumbnail\" alt=\"WATCH ESSENTIALS VIDEO SERIES, y compris la certification WATCH ADVISOR\" srcset=\"https:\/\/boutique.fhh.qwerpy.ch\/app\/uploads\/2024\/07\/visuel-watch-essentials.jpg 562w, https:\/\/boutique.fhh.qwerpy.ch\/app\/uploads\/2024\/07\/visuel-watch-essentials-300x214.jpg 300w, https:\/\/boutique.fhh.qwerpy.ch\/app\/uploads\/2024\/07\/visuel-watch-essentials-150x106.jpg 150w\" sizes=\"auto, (max-width: 562px) 100vw, 562px\" \/><\/div>\n\t\t\t\t\t<div class=\"wc-block-grid__product-title\">WATCH ESSENTIALS VIDEO SERIES, y compris la certification WATCH ADVISOR<\/div>\n\t\t\t\t<\/a>\n\t\t\t\t<div class=\"wc-block-grid__product-price price\"><span class=\"woocommerce-Price-amount amount\"><span class=\"woocommerce-Price-currencySymbol\">&#067;&#072;&#070;<\/span>&nbsp;620.00<\/span><\/div>\n\t\t\t\t\n\t\t\t\t<div class=\"wp-block-button wc-block-grid__product-add-to-cart\"><a href=\"\/fr\/wp-json\/wp\/v2\/pages\/450?add-to-cart=800\" aria-label=\"En savoir plus sur &ldquo;WATCH ESSENTIALS VIDEO SERIES, y compris la certification WATCH ADVISOR&rdquo;\" data-quantity=\"1\" data-product_id=\"800\" data-product_sku=\"\" data-price=\"620\" rel=\"nofollow\" class=\"wp-block-button__link  add_to_cart_button ajax_add_to_cart\">Ajouter au panier<\/a><\/div>\n\t\t\t<\/li><li class=\"wc-block-grid__product\">\n\t\t\t\t<a href=\"https:\/\/boutique.fhh.qwerpy.ch\/fr\/boutique\/test-fhh-watch-advisor\/\" class=\"wc-block-grid__product-link\">\n\t\t\t\t\t\n\t\t\t\t\t<div class=\"wc-block-grid__product-image\"><img loading=\"lazy\" decoding=\"async\" width=\"562\" height=\"400\" src=\"https:\/\/boutique.fhh.qwerpy.ch\/app\/uploads\/2024\/07\/visuel-watch-advisor.jpg\" class=\"attachment-woocommerce_thumbnail size-woocommerce_thumbnail\" alt=\"Test FHH Watch Advisor\" srcset=\"https:\/\/boutique.fhh.qwerpy.ch\/app\/uploads\/2024\/07\/visuel-watch-advisor.jpg 562w, https:\/\/boutique.fhh.qwerpy.ch\/app\/uploads\/2024\/07\/visuel-watch-advisor-300x214.jpg 300w, https:\/\/boutique.fhh.qwerpy.ch\/app\/uploads\/2024\/07\/visuel-watch-advisor-150x106.jpg 150w, https:\/\/boutique.fhh.qwerpy.ch\/app\/uploads\/2024\/07\/visuel-watch-advisor-100x71.jpg 100w\" sizes=\"auto, (max-width: 562px) 100vw, 562px\" \/><\/div>\n\t\t\t\t\t<div class=\"wc-block-grid__product-title\">Test FHH Watch Advisor<\/div>\n\t\t\t\t<\/a>\n\t\t\t\t<div class=\"wc-block-grid__product-price price\"><span class=\"woocommerce-Price-amount amount\"><span class=\"woocommerce-Price-currencySymbol\">&#067;&#072;&#070;<\/span>&nbsp;385.00<\/span><\/div>\n\t\t\t\t\n\t\t\t\t<div class=\"wp-block-button wc-block-grid__product-add-to-cart\"><a href=\"\/fr\/wp-json\/wp\/v2\/pages\/450?add-to-cart=497\" aria-label=\"Ajouter au panier\u00a0: &ldquo;Test FHH Watch Advisor&rdquo;\" data-quantity=\"1\" data-product_id=\"497\" data-product_sku=\"\" data-price=\"385\" rel=\"nofollow\" class=\"wp-block-button__link  add_to_cart_button ajax_add_to_cart\">Ajouter au panier<\/a><\/div>\n\t\t\t<\/li><li class=\"wc-block-grid__product\">\n\t\t\t\t<a href=\"https:\/\/boutique.fhh.qwerpy.ch\/fr\/boutique\/test-fhh-watch-specialist\/\" class=\"wc-block-grid__product-link\">\n\t\t\t\t\t\n\t\t\t\t\t<div class=\"wc-block-grid__product-image\"><img loading=\"lazy\" decoding=\"async\" width=\"562\" height=\"400\" src=\"https:\/\/boutique.fhh.qwerpy.ch\/app\/uploads\/2024\/07\/visuel-watch-specialist.jpg\" class=\"attachment-woocommerce_thumbnail size-woocommerce_thumbnail\" alt=\"Test FHH Watch Specialist\" srcset=\"https:\/\/boutique.fhh.qwerpy.ch\/app\/uploads\/2024\/07\/visuel-watch-specialist.jpg 562w, https:\/\/boutique.fhh.qwerpy.ch\/app\/uploads\/2024\/07\/visuel-watch-specialist-300x214.jpg 300w, https:\/\/boutique.fhh.qwerpy.ch\/app\/uploads\/2024\/07\/visuel-watch-specialist-150x106.jpg 150w\" sizes=\"auto, (max-width: 562px) 100vw, 562px\" \/><\/div>\n\t\t\t\t\t<div class=\"wc-block-grid__product-title\">Test FHH Watch Specialist<\/div>\n\t\t\t\t<\/a>\n\t\t\t\t<div class=\"wc-block-grid__product-price price\"><span class=\"woocommerce-Price-amount amount\"><span class=\"woocommerce-Price-currencySymbol\">&#067;&#072;&#070;<\/span>&nbsp;385.00<\/span><\/div>\n\t\t\t\t\n\t\t\t\t<div class=\"wp-block-button wc-block-grid__product-add-to-cart\"><a href=\"\/fr\/wp-json\/wp\/v2\/pages\/450?add-to-cart=496\" aria-label=\"Ajouter au panier\u00a0: &ldquo;Test FHH Watch Specialist&rdquo;\" data-quantity=\"1\" data-product_id=\"496\" data-product_sku=\"\" data-price=\"385\" rel=\"nofollow\" class=\"wp-block-button__link  add_to_cart_button ajax_add_to_cart\">Ajouter au panier<\/a><\/div>\n\t\t\t<\/li><li class=\"wc-block-grid__product\">\n\t\t\t\t<a href=\"https:\/\/boutique.fhh.qwerpy.ch\/fr\/boutique\/formation-1\/\" class=\"wc-block-grid__product-link\">\n\t\t\t\t\t\n\t\t\t\t\t<div class=\"wc-block-grid__product-image\"><img loading=\"lazy\" decoding=\"async\" width=\"562\" height=\"400\" src=\"https:\/\/boutique.fhh.qwerpy.ch\/app\/uploads\/2024\/07\/visuel-watch-essentials.jpg\" class=\"attachment-woocommerce_thumbnail size-woocommerce_thumbnail\" alt=\"Watch Essentials Video Series\" srcset=\"https:\/\/boutique.fhh.qwerpy.ch\/app\/uploads\/2024\/07\/visuel-watch-essentials.jpg 562w, https:\/\/boutique.fhh.qwerpy.ch\/app\/uploads\/2024\/07\/visuel-watch-essentials-300x214.jpg 300w, https:\/\/boutique.fhh.qwerpy.ch\/app\/uploads\/2024\/07\/visuel-watch-essentials-150x106.jpg 150w\" sizes=\"auto, (max-width: 562px) 100vw, 562px\" \/><\/div>\n\t\t\t\t\t<div class=\"wc-block-grid__product-title\">Watch Essentials Video Series<\/div>\n\t\t\t\t<\/a>\n\t\t\t\t<div class=\"wc-block-grid__product-price price\"><span class=\"woocommerce-Price-amount amount\"><span class=\"woocommerce-Price-currencySymbol\">&#067;&#072;&#070;<\/span>&nbsp;440.00<\/span><\/div>\n\t\t\t\t\n\t\t\t\t<div class=\"wp-block-button wc-block-grid__product-add-to-cart\"><a href=\"\/fr\/wp-json\/wp\/v2\/pages\/450?add-to-cart=495\" aria-label=\"Ajouter au panier\u00a0: &ldquo;Watch Essentials Video Series&rdquo;\" data-quantity=\"1\" data-product_id=\"495\" data-product_sku=\"\" data-price=\"440\" rel=\"nofollow\" class=\"wp-block-button__link  add_to_cart_button ajax_add_to_cart\">Ajouter au panier<\/a><\/div>\n\t\t\t<\/li><\/ul><\/div><\/div>\n<\/div>\n","protected":false},"excerpt":{"rendered":"","protected":false},"author":1,"featured_media":0,"parent":0,"menu_order":0,"comment_status":"closed","ping_status":"closed","template":"","meta":{"_acf_changed":false,"footnotes":""},"class_list":["post-450","page","type-page","status-publish","hentry"],"acf":[],"_links":{"self":[{"href":"https:\/\/boutique.fhh.qwerpy.ch\/fr\/wp-json\/wp\/v2\/pages\/450","targetHints":{"allow":["GET"]}}],"collection":[{"href":"https:\/\/boutique.fhh.qwerpy.ch\/fr\/wp-json\/wp\/v2\/pages"}],"about":[{"href":"https:\/\/boutique.fhh.qwerpy.ch\/fr\/wp-json\/wp\/v2\/types\/page"}],"author":[{"embeddable":true,"href":"https:\/\/boutique.fhh.qwerpy.ch\/fr\/wp-json\/wp\/v2\/users\/1"}],"replies":[{"embeddable":true,"href":"https:\/\/boutique.fhh.qwerpy.ch\/fr\/wp-json\/wp\/v2\/comments?post=450"}],"version-history":[{"count":2,"href":"https:\/\/boutique.fhh.qwerpy.ch\/fr\/wp-json\/wp\/v2\/pages\/450\/revisions"}],"predecessor-version":[{"id":519,"href":"https:\/\/boutique.fhh.qwerpy.ch\/fr\/wp-json\/wp\/v2\/pages\/450\/revisions\/519"}],"wp:attachment":[{"href":"https:\/\/boutique.fhh.qwerpy.ch\/fr\/wp-json\/wp\/v2\/media?parent=450"}],"curies":[{"name":"wp","href":"https:\/\/api.w.org\/{rel}","templated":true}]}}