{"id":475,"date":"2024-07-16T12:19:33","date_gmt":"2024-07-16T10:19:33","guid":{"rendered":"https:\/\/boutique.fhh.qwerpy.ch\/self-learning\/"},"modified":"2025-02-13T14:26:28","modified_gmt":"2025-02-13T13:26:28","slug":"online-learning","status":"publish","type":"page","link":"https:\/\/boutique.fhh.qwerpy.ch\/fr\/online-learning\/","title":{"rendered":"Online Learning"},"content":{"rendered":"\n<h1 class=\"wp-block-heading has-text-align-center\">Courses<\/h1>\n\n\n\n<div class=\"wp-block-columns strate gap-max is-layout-flex wp-container-core-columns-is-layout-28f84493 wp-block-columns-is-layout-flex\">\n<div class=\"wp-block-column is-layout-flow wp-block-column-is-layout-flow\">\n<div class=\"wp-block-cover wp-duotone-unset-1\"><span aria-hidden=\"true\" class=\"wp-block-cover__background has-background-dim-40 has-background-dim\" style=\"background-color:#0d0d0d\"><\/span><img loading=\"lazy\" decoding=\"async\" width=\"820\" height=\"350\" class=\"wp-block-cover__image-background wp-image-320\" alt=\"\" src=\"https:\/\/boutique.fhh.qwerpy.ch\/app\/uploads\/2024\/07\/courses-web.jpg\" data-object-fit=\"cover\" srcset=\"https:\/\/boutique.fhh.qwerpy.ch\/app\/uploads\/2024\/07\/courses-web.jpg 820w, https:\/\/boutique.fhh.qwerpy.ch\/app\/uploads\/2024\/07\/courses-web-300x128.jpg 300w, https:\/\/boutique.fhh.qwerpy.ch\/app\/uploads\/2024\/07\/courses-web-768x328.jpg 768w, https:\/\/boutique.fhh.qwerpy.ch\/app\/uploads\/2024\/07\/courses-web-600x256.jpg 600w\" sizes=\"auto, (max-width: 820px) 100vw, 820px\" \/><div class=\"wp-block-cover__inner-container has-global-padding is-layout-constrained wp-block-cover-is-layout-constrained\">\n<p class=\"has-text-align-center has-white-color has-text-color has-link-color has-large-font-size wp-elements-5f08c37bb27cd859c8b9ec1c4c6521f1\" style=\"text-transform:uppercase\">Web Series<\/p>\n<\/div><\/div>\n\n\n\n<p class=\"has-text-align-center\">Lorem ipsum dolor sit amet, consectetur adipiscing elit, sed do eiusmod tempor incididunt ut labore et dolore magna aliqua. Quis ipsum suspendisse ultrices gravida. Risus commodo viverra maecenas accumsan lacus vel facilisis.<\/p>\n\n\n\n<div class=\"wp-block-buttons is-content-justification-center is-layout-flex wp-container-core-buttons-is-layout-a89b3969 wp-block-buttons-is-layout-flex\">\n<div class=\"wp-block-button has-custom-font-size has-medium-font-size\" style=\"text-transform:uppercase\"><a class=\"wp-block-button__link has-text-align-center wp-element-button\" href=\"\/?product_cat=web-series\" style=\"border-radius:0px\">Read More<\/a><\/div>\n<\/div>\n<\/div>\n\n\n\n<div class=\"wp-block-column is-layout-flow wp-block-column-is-layout-flow\">\n<div class=\"wp-block-cover wp-duotone-unset-2\"><span aria-hidden=\"true\" class=\"wp-block-cover__background has-background-dim-40 has-background-dim\" style=\"background-color:#0d0d0d\"><\/span><img loading=\"lazy\" decoding=\"async\" width=\"820\" height=\"350\" class=\"wp-block-cover__image-background wp-image-328\" alt=\"\" src=\"https:\/\/boutique.fhh.qwerpy.ch\/app\/uploads\/2024\/07\/courses-live.jpg\" data-object-fit=\"cover\" srcset=\"https:\/\/boutique.fhh.qwerpy.ch\/app\/uploads\/2024\/07\/courses-live.jpg 820w, https:\/\/boutique.fhh.qwerpy.ch\/app\/uploads\/2024\/07\/courses-live-300x128.jpg 300w, https:\/\/boutique.fhh.qwerpy.ch\/app\/uploads\/2024\/07\/courses-live-768x328.jpg 768w, https:\/\/boutique.fhh.qwerpy.ch\/app\/uploads\/2024\/07\/courses-live-600x256.jpg 600w\" sizes=\"auto, (max-width: 820px) 100vw, 820px\" \/><div class=\"wp-block-cover__inner-container has-global-padding is-layout-constrained wp-block-cover-is-layout-constrained\">\n<p class=\"has-text-align-center has-white-color has-text-color has-link-color has-large-font-size wp-elements-b998ce11f492b127ad0c8bfc19637c19\" style=\"text-transform:uppercase\">Live Series<\/p>\n<\/div><\/div>\n\n\n\n<p class=\"has-text-align-center\">Lorem ipsum dolor sit amet, consectetur adipiscing elit, sed do eiusmod tempor incididunt ut labore et dolore magna aliqua. Quis ipsum suspendisse ultrices gravida. Risus commodo viverra maecenas accumsan lacus vel facilisis.<\/p>\n\n\n\n<div class=\"wp-block-buttons is-content-justification-center is-layout-flex wp-container-core-buttons-is-layout-a89b3969 wp-block-buttons-is-layout-flex\">\n<div class=\"wp-block-button has-custom-font-size has-medium-font-size\" style=\"text-transform:uppercase\"><a class=\"wp-block-button__link has-text-align-center wp-element-button\" href=\"\/?product_cat=web-series\" style=\"border-radius:0px\">Read More<\/a><\/div>\n<\/div>\n<\/div>\n<\/div>\n\n\n\n<div class=\"wp-block-columns strate bg-alt is-layout-flex wp-container-core-columns-is-layout-28f84493 wp-block-columns-is-layout-flex\">\n<div class=\"wp-block-column is-layout-flow wp-block-column-is-layout-flow\">\n<blockquote class=\"wp-block-quote is-layout-flow wp-block-quote-is-layout-flow\">\n<p>Un tr\u00e8s grand merci pour cette formation tr\u00e8s int\u00e9ressante qui m\u2019a permis de revoir beaucoup de choses et d\u2019en apprendre toujours plus. C\u2019est une histoire sans fin !<\/p>\n<cite>\u2014 C\u00e9dric Laforge, Chopard, Chef de Produit Horloger, Gen\u00e8ve, Suisse<\/cite><\/blockquote>\n<\/div>\n\n\n\n<div class=\"wp-block-column is-layout-flow wp-block-column-is-layout-flow\">\n<blockquote class=\"wp-block-quote is-layout-flow wp-block-quote-is-layout-flow\">\n<p>La formation \u00e9tait g\u00e9niale, comme si elle avait \u00e9t\u00e9 faite pour nous ! Absolument parfait ! Gianfranco avait toujours un exemple utile pour nous et cela d\u2019une mani\u00e8re extr\u00eamement facile mais en m\u00eame temps toujours pr\u00eat pour la prochaine \u00e9tape ! Il est vraiment incroyable ! Tout le monde \u00e9tait fascin\u00e9 par lui !<\/p>\n<cite>\u2014 Raffaella PEREZ, Ambassade de Suisse, 2017<\/cite><\/blockquote>\n<\/div>\n\n\n\n<div class=\"wp-block-column is-layout-flow wp-block-column-is-layout-flow\">\n<blockquote class=\"wp-block-quote is-layout-flow wp-block-quote-is-layout-flow\">\n<p>J\u2019ai vraiment appr\u00e9ci\u00e9 de rejoindre le programme de formation et de certification de la FHH, qui a renforc\u00e9 mes connaissances en haute horlogerie. Plus j\u2019apprends, plus j\u2019admire la technologie suisse. Merci encore une fois de tout c\u0153ur.<\/p>\n<cite>\u2014 Alan FAI LUN, Directeur des ventes, Tak Fai Watch Co, Hong Kong, 2018<\/cite><\/blockquote>\n<\/div>\n<\/div>\n","protected":false},"excerpt":{"rendered":"<p>Courses Lorem ipsum dolor sit amet, consectetur adipiscing elit, sed do eiusmod tempor incididunt ut labore et dolore magna aliqua. Quis ipsum suspendisse ultrices gravida. Risus commodo viverra maecenas accumsan lacus vel facilisis. Lorem ipsum dolor sit amet, consectetur adipiscing elit, sed do eiusmod tempor incididunt ut labore et dolore magna aliqua. Quis ipsum suspendisse [&hellip;]<\/p>\n","protected":false},"author":1,"featured_media":0,"parent":0,"menu_order":0,"comment_status":"closed","ping_status":"closed","template":"","meta":{"_acf_changed":false,"footnotes":""},"class_list":["post-475","page","type-page","status-publish","hentry"],"acf":[],"_links":{"self":[{"href":"https:\/\/boutique.fhh.qwerpy.ch\/fr\/wp-json\/wp\/v2\/pages\/475","targetHints":{"allow":["GET"]}}],"collection":[{"href":"https:\/\/boutique.fhh.qwerpy.ch\/fr\/wp-json\/wp\/v2\/pages"}],"about":[{"href":"https:\/\/boutique.fhh.qwerpy.ch\/fr\/wp-json\/wp\/v2\/types\/page"}],"author":[{"embeddable":true,"href":"https:\/\/boutique.fhh.qwerpy.ch\/fr\/wp-json\/wp\/v2\/users\/1"}],"replies":[{"embeddable":true,"href":"https:\/\/boutique.fhh.qwerpy.ch\/fr\/wp-json\/wp\/v2\/comments?post=475"}],"version-history":[{"count":3,"href":"https:\/\/boutique.fhh.qwerpy.ch\/fr\/wp-json\/wp\/v2\/pages\/475\/revisions"}],"predecessor-version":[{"id":808,"href":"https:\/\/boutique.fhh.qwerpy.ch\/fr\/wp-json\/wp\/v2\/pages\/475\/revisions\/808"}],"wp:attachment":[{"href":"https:\/\/boutique.fhh.qwerpy.ch\/fr\/wp-json\/wp\/v2\/media?parent=475"}],"curies":[{"name":"wp","href":"https:\/\/api.w.org\/{rel}","templated":true}]}}