{"id":494,"date":"2024-06-28T18:05:35","date_gmt":"2024-06-28T16:05:35","guid":{"rendered":"https:\/\/boutique.fhh.qwerpy.ch\/store\/certification-watch-expert\/"},"modified":"2025-02-28T15:47:40","modified_gmt":"2025-02-28T14:47:40","slug":"test-fhh-watch-expert","status":"publish","type":"product","link":"https:\/\/boutique.fhh.qwerpy.ch\/fr\/boutique\/test-fhh-watch-expert\/","title":{"rendered":"Test FHH Watch Expert"},"content":{"rendered":"\n<div class=\"wp-block-columns is-layout-flex wp-container-core-columns-is-layout-28f84493 wp-block-columns-is-layout-flex\">\n<div class=\"wp-block-column is-layout-flow wp-block-column-is-layout-flow\"><\/div>\n<\/div>\n\n\n\n<div class=\"wp-block-media-text is-stacked-on-mobile is-vertically-aligned-top\"><figure  class=\"wp-block-media-text__media\"><img loading=\"lazy\" decoding=\"async\" width=\"562\" height=\"400\" alt=\"\" src=\"https:\/\/boutique.fhh.qwerpy.ch\/app\/uploads\/2024\/06\/visuel-watch-expert.jpg\" class=\"wp-image-742 size-full\" srcset=\"https:\/\/boutique.fhh.qwerpy.ch\/app\/uploads\/2024\/06\/visuel-watch-expert.jpg 562w, https:\/\/boutique.fhh.qwerpy.ch\/app\/uploads\/2024\/06\/visuel-watch-expert-300x214.jpg 300w, https:\/\/boutique.fhh.qwerpy.ch\/app\/uploads\/2024\/06\/visuel-watch-expert-150x106.jpg 150w\" sizes=\"auto, (max-width: 562px) 100vw, 562px\" \/><\/figure><div class=\"wp-block-media-text__content\">\n<p style=\"font-size:22px\">Les FHH Watch Experts ont acquis une ma\u00eetrise totale du monde de l&rsquo;horlogerie. <\/p>\n\n\n\n<p style=\"font-size:22px\">Ils ma\u00eetrisent de mani\u00e8re compl\u00e8te et approfondie les quatre domaines de connaissances, y compris le fonctionnement des montres et des complications. <\/p>\n\n\n\n<p style=\"font-size:22px\">Leurs connaissances t\u00e9moignent de leur int\u00e9r\u00eat profond et sinc\u00e8re pour le domaine. <\/p>\n\n\n\n<p style=\"font-size:22px\">Ils sont capables de capter l&rsquo;attention de n&rsquo;importe quel public, m\u00eame celle du plus fin connaisseur.<\/p>\n<\/div><\/div>\n\n\n\n<div class=\"wp-block-group prodquestions has-global-padding is-layout-constrained wp-block-group-is-layout-constrained\">\n<h2 class=\"wp-block-heading has-text-color has-link-color has-large-font-size wp-elements-860f5f4e97b4962116fdafe7f205a3bc\" style=\"color:#68afa9;text-transform:none\">4 th\u00e8mes, 160 questions<\/h2>\n\n\n\n<div class=\"wp-block-columns is-layout-flex wp-container-core-columns-is-layout-28f84493 wp-block-columns-is-layout-flex\">\n<div class=\"wp-block-column is-layout-flow wp-block-column-is-layout-flow\">\n<h3 class=\"wp-block-heading\" style=\"font-size:32px\">Techniques<\/h3>\n\n\n\n<p style=\"font-size:22px\">Les questions portent sur le m\u00e9canisme d&rsquo;une montre, le fonctionnement d&rsquo;un mouvement, la fonction des diff\u00e9rents composants et les principales complications horlog\u00e8res.<\/p>\n<\/div>\n\n\n\n<div class=\"wp-block-column colbord is-layout-flow wp-block-column-is-layout-flow\">\n<div class=\"wp-block-columns is-layout-flex wp-container-core-columns-is-layout-28f84493 wp-block-columns-is-layout-flex\">\n<div class=\"wp-block-column is-layout-flow wp-block-column-is-layout-flow\" style=\"flex-basis:33.33%\">\n<figure class=\"wp-block-image size-full themed\"><img loading=\"lazy\" decoding=\"async\" width=\"140\" height=\"140\" src=\"https:\/\/boutique.fhh.qwerpy.ch\/app\/uploads\/2024\/07\/picto-product-technical-knowledge.svg\" alt=\"\" class=\"wp-image-749\"\/><\/figure>\n<\/div>\n\n\n\n<div class=\"wp-block-column is-layout-flow wp-block-column-is-layout-flow\" style=\"flex-basis:66.66%\">\n<p style=\"font-size:42px\">60 questions<\/p>\n<\/div>\n<\/div>\n<\/div>\n<\/div>\n\n\n\n<div class=\"wp-block-columns is-layout-flex wp-container-core-columns-is-layout-28f84493 wp-block-columns-is-layout-flex\">\n<div class=\"wp-block-column is-layout-flow wp-block-column-is-layout-flow\">\n<h3 class=\"wp-block-heading\" style=\"font-size:32px\">Acteurs du march\u00e9<\/h3>\n\n\n\n<p style=\"font-size:22px\">Les questions portent sur les marques et les produits qui composent le monde de l&rsquo;horlogerie, ainsi que sur l&rsquo;environnement \u00e9conomique de la branche.<\/p>\n<\/div>\n\n\n\n<div class=\"wp-block-column colbord is-layout-flow wp-block-column-is-layout-flow\">\n<div class=\"wp-block-columns is-layout-flex wp-container-core-columns-is-layout-28f84493 wp-block-columns-is-layout-flex\">\n<div class=\"wp-block-column is-layout-flow wp-block-column-is-layout-flow\" style=\"flex-basis:33.33%\">\n<figure class=\"wp-block-image size-full themed\"><img loading=\"lazy\" decoding=\"async\" width=\"140\" height=\"140\" src=\"https:\/\/boutique.fhh.qwerpy.ch\/app\/uploads\/2024\/07\/picto-product-market-players.svg\" alt=\"\" class=\"wp-image-751\"\/><\/figure>\n<\/div>\n\n\n\n<div class=\"wp-block-column is-layout-flow wp-block-column-is-layout-flow\" style=\"flex-basis:66.66%\">\n<p style=\"font-size:42px\">50 questions<\/p>\n<\/div>\n<\/div>\n<\/div>\n<\/div>\n\n\n\n<div class=\"wp-block-columns is-layout-flex wp-container-core-columns-is-layout-28f84493 wp-block-columns-is-layout-flex\">\n<div class=\"wp-block-column is-layout-flow wp-block-column-is-layout-flow\">\n<h3 class=\"wp-block-heading\" style=\"font-size:32px\">Mati\u00e8res<\/h3>\n\n\n\n<p style=\"font-size:22px\">Les questions portent sur les mat\u00e9riaux utilis\u00e9s en horlogerie tels que l&rsquo;or, l&rsquo;acier inoxydable, le maillechort, le silicium et le Superluminova.<\/p>\n<\/div>\n\n\n\n<div class=\"wp-block-column colbord is-layout-flow wp-block-column-is-layout-flow\">\n<div class=\"wp-block-columns is-layout-flex wp-container-core-columns-is-layout-28f84493 wp-block-columns-is-layout-flex\">\n<div class=\"wp-block-column is-layout-flow wp-block-column-is-layout-flow\" style=\"flex-basis:33.33%\">\n<figure class=\"wp-block-image size-full themed\"><img loading=\"lazy\" decoding=\"async\" width=\"140\" height=\"140\" src=\"https:\/\/boutique.fhh.qwerpy.ch\/app\/uploads\/2024\/07\/picto-product-materials-and-finishes.svg\" alt=\"\" class=\"wp-image-753\"\/><\/figure>\n<\/div>\n\n\n\n<div class=\"wp-block-column is-layout-flow wp-block-column-is-layout-flow\" style=\"flex-basis:66.66%\">\n<p style=\"font-size:42px\">30 questions<\/p>\n<\/div>\n<\/div>\n<\/div>\n<\/div>\n\n\n\n<div class=\"wp-block-columns is-layout-flex wp-container-core-columns-is-layout-28f84493 wp-block-columns-is-layout-flex\">\n<div class=\"wp-block-column is-layout-flow wp-block-column-is-layout-flow\">\n<h3 class=\"wp-block-heading\" style=\"font-size:32px\">Histoire et culture<\/h3>\n\n\n\n<p style=\"font-size:22px\">Les questions testent vos connaissances sur les points essentiels de l&rsquo;histoire de l&rsquo;horlogerie : dates cl\u00e9s, innovations majeures, pr\u00e9curseurs, etc.<\/p>\n<\/div>\n\n\n\n<div class=\"wp-block-column colbord is-layout-flow wp-block-column-is-layout-flow\">\n<div class=\"wp-block-columns is-layout-flex wp-container-core-columns-is-layout-28f84493 wp-block-columns-is-layout-flex\">\n<div class=\"wp-block-column is-layout-flow wp-block-column-is-layout-flow\" style=\"flex-basis:33.33%\">\n<figure class=\"wp-block-image size-full themed\"><img loading=\"lazy\" decoding=\"async\" width=\"140\" height=\"140\" src=\"https:\/\/boutique.fhh.qwerpy.ch\/app\/uploads\/2024\/07\/picto-product-culture-and-history.svg\" alt=\"\" class=\"wp-image-755\"\/><\/figure>\n<\/div>\n\n\n\n<div class=\"wp-block-column is-layout-flow wp-block-column-is-layout-flow\" style=\"flex-basis:66.66%\">\n<p style=\"font-size:42px\">20 questions<\/p>\n<\/div>\n<\/div>\n<\/div>\n<\/div>\n<\/div>\n\n\n\n<h2 class=\"wp-block-heading has-text-align-center\"><strong>CRIT\u00c8RES DE R\u00c9USSITE<\/strong><\/h2>\n\n\n\n<figure class=\"wp-block-table expert-table\"><table><tbody><tr><td class=\"has-text-align-center\" data-align=\"center\" rowspan=\"2\">Axes<\/td><td class=\"has-text-align-center\" data-align=\"center\" rowspan=\"2\">Nombre de questions<\/td><td class=\"has-text-align-center\" data-align=\"center\">Score \u00e0 obtenir<\/td><td class=\"has-text-align-center\" data-align=\"center\">Score \u00e0 obtenir<br><span style=\"font-size: 80%\">Conditions cumulatives<\/span><\/td><td class=\"has-text-align-center\" data-align=\"center\">Score \u00e0 obtenir<br><span style=\"font-size: 80%\">Conditions cumulatives<\/span><\/td><\/tr><tr><td class=\"has-text-align-center\" data-align=\"center\">FHH Watch Advisor<\/td><td class=\"has-text-align-center\" data-align=\"center\">FHH Watch Specialist<\/td><td class=\"has-text-align-center\" data-align=\"center\">FHH Watch Expert<\/td><\/tr><tr><td class=\"has-text-align-center\" data-align=\"center\">Techniques<\/td><td class=\"has-text-align-center\" data-align=\"center\"><strong>60<\/strong><\/td><td class=\"has-text-align-center\" data-align=\"center\" rowspan=\"4\">Pas de score minimum requis par mati\u00e8re<\/td><td class=\"has-text-align-center\" data-align=\"center\">70%<\/td><td class=\"has-text-align-center\" data-align=\"center\">80%<\/td><\/tr><tr><td class=\"has-text-align-center\" data-align=\"center\">Acteurs du march\u00e9<\/td><td class=\"has-text-align-center\" data-align=\"center\"><strong>50<\/strong><\/td><td class=\"has-text-align-center\" data-align=\"center\">70%<\/td><td class=\"has-text-align-center\" data-align=\"center\">80%<\/td><\/tr><tr><td class=\"has-text-align-center\" data-align=\"center\">Mati\u00e8res<\/td><td class=\"has-text-align-center\" data-align=\"center\"><strong>30<\/strong><\/td><td class=\"has-text-align-center\" data-align=\"center\">70%<\/td><td class=\"has-text-align-center\" data-align=\"center\">80%<\/td><\/tr><tr><td class=\"has-text-align-center\" data-align=\"center\">Histoire et culture<\/td><td class=\"has-text-align-center\" data-align=\"center\"><strong>20<\/strong><\/td><td class=\"has-text-align-center\" data-align=\"center\">60%<\/td><td class=\"has-text-align-center\" data-align=\"center\">70%<\/td><\/tr><tr><td class=\"has-text-align-center\" data-align=\"center\"><strong>TOTAL<\/strong><\/td><td class=\"has-text-align-center\" data-align=\"center\"><strong>160<\/strong><\/td><td class=\"has-text-align-center\" data-align=\"center\"><strong>55%<\/strong><\/td><td class=\"has-text-align-center\" data-align=\"center\"><strong>70%<\/strong><\/td><td class=\"has-text-align-center\" data-align=\"center\"><strong>80%<\/strong><\/td><\/tr><\/tbody><\/table><\/figure>\n\n\n\n<p style=\"font-size:22px\">Le test de certification FHH Watch Expert est le seul <strong>susceptible d\u2019aboutir \u00e0 l\u2019attribution d\u2019un titre inf\u00e9rieur<\/strong>, conform\u00e9ment aux crit\u00e8res mentionn\u00e9s ci-dessus.<\/p>\n\n\n\n<p style=\"font-size:22px\">Ce tarif unique comprend :<\/p>\n\n\n\n<ul class=\"wp-block-list\">\n<li style=\"font-size:22px\">un test d&rsquo;entra\u00eenement ;<\/li>\n\n\n\n<li style=\"font-size:22px\">une liste de lectures recommand\u00e9es pour se pr\u00e9parer \u00e0 l&rsquo;examen ;<\/li>\n\n\n\n<li style=\"font-size:22px\">un contenu num\u00e9rique (plateforme d&rsquo;apprentissage en ligne) ;<\/li>\n\n\n\n<li style=\"font-size:22px\">une session d&rsquo;examen.<\/li>\n<\/ul>\n\n\n\n<div class=\"wp-block-columns is-layout-flex wp-container-core-columns-is-layout-28f84493 wp-block-columns-is-layout-flex\">\n<div class=\"wp-block-column is-layout-flow wp-block-column-is-layout-flow\"><\/div>\n<\/div>\n\n\n\n<div class=\"wp-block-columns is-layout-flex wp-container-core-columns-is-layout-28f84493 wp-block-columns-is-layout-flex\">\n<div class=\"wp-block-column is-layout-flow wp-block-column-is-layout-flow\">\n<h3 class=\"wp-block-heading\">Watch Essentials App<\/h3>\n\n\n\n<figure class=\"wp-block-image size-full\"><img loading=\"lazy\" decoding=\"async\" width=\"400\" height=\"240\" src=\"https:\/\/boutique.fhh.qwerpy.ch\/app\/uploads\/2024\/07\/visuel-certif-expert-calendar.jpg\" alt=\"\" class=\"wp-image-374\" srcset=\"https:\/\/boutique.fhh.qwerpy.ch\/app\/uploads\/2024\/07\/visuel-certif-expert-calendar.jpg 400w, https:\/\/boutique.fhh.qwerpy.ch\/app\/uploads\/2024\/07\/visuel-certif-expert-calendar-300x180.jpg 300w\" sizes=\"auto, (max-width: 400px) 100vw, 400px\" \/><\/figure>\n\n\n\n<p>Test your knowledge by playing! the fun application to learn all the basics of watchmaking and its market.<br>Have you ever dreamed of discovering the secret workings of a Fine Watchmaking watch? It\u2019s possible with Watch Essentials, the new must-have app for watch enthusiasts! Let yourself be guided through the world of watchmaking and learn about the manufacture, decoration and even the history of watches in order to become a true watchmaking expert. Each time you pass a level, you\u2019ll advance to a higher level, and you\u2019ll even be able to create your own virtual watch!<\/p>\n\n\n\n<p><a href=\"#\">Read More<\/a><\/p>\n<\/div>\n\n\n\n<div class=\"wp-block-column is-layout-flow wp-block-column-is-layout-flow\">\n<h3 class=\"wp-block-heading\">Watch Essentials Video Series<\/h3>\n\n\n\n<figure class=\"wp-block-image size-full\"><img loading=\"lazy\" decoding=\"async\" width=\"400\" height=\"240\" src=\"https:\/\/boutique.fhh.qwerpy.ch\/app\/uploads\/2024\/07\/visuel-certif-expert-choisir.jpg\" alt=\"\" class=\"wp-image-376\" srcset=\"https:\/\/boutique.fhh.qwerpy.ch\/app\/uploads\/2024\/07\/visuel-certif-expert-choisir.jpg 400w, https:\/\/boutique.fhh.qwerpy.ch\/app\/uploads\/2024\/07\/visuel-certif-expert-choisir-300x180.jpg 300w\" sizes=\"auto, (max-width: 400px) 100vw, 400px\" \/><\/figure>\n\n\n\n<p>The Watch Essentials Video Series online training course is composed of 9 chapters during which you will immerse yourself in the fascinating world of Fine Watchmaking. During the course, you will meet watchmakers, historians and specialists who will passionately share with you the codes and keys to taking your knowledge to the next level!<\/p>\n\n\n\n<p>Let yourself be carried away on a journey to the heart of the makers of time.<\/p>\n\n\n\n<p><a href=\"#\">Read More<\/a><\/p>\n<\/div>\n\n\n\n<div class=\"wp-block-column is-layout-flow wp-block-column-is-layout-flow\">\n<h3 class=\"wp-block-heading\">BUNDLE: Watch Essentials Video Series et FHH Certification<\/h3>\n\n\n\n<figure class=\"wp-block-image size-full\"><img loading=\"lazy\" decoding=\"async\" width=\"400\" height=\"240\" src=\"https:\/\/boutique.fhh.qwerpy.ch\/app\/uploads\/2024\/07\/visuel-certif-expert-examen.jpg\" alt=\"\" class=\"wp-image-378\" srcset=\"https:\/\/boutique.fhh.qwerpy.ch\/app\/uploads\/2024\/07\/visuel-certif-expert-examen.jpg 400w, https:\/\/boutique.fhh.qwerpy.ch\/app\/uploads\/2024\/07\/visuel-certif-expert-examen-300x180.jpg 300w\" sizes=\"auto, (max-width: 400px) 100vw, 400px\" \/><\/figure>\n\n\n\n<p>The Watch Essentials Video Series online training course is composed of 9 chapters during which you will immerse yourself in the fascinating world of Fine Watchmaking. During the course, you will meet watchmakers, historians and specialists who will passionately share with you the codes and keys to taking your knowledge to the next level!<\/p>\n\n\n\n<p>Let yourself be carried away on a journey to the heart of the makers of time.<\/p>\n\n\n\n<p>Your knowledge can be tested afterwards thanks to FHH Certification<\/p>\n\n\n\n<p><a href=\"#\">Read More<\/a><\/p>\n<\/div>\n<\/div>\n\n\n\n<h2 class=\"wp-block-heading\">FAQ<\/h2>\n\n\n\n<div class=\"schema-faq wp-block-yoast-faq-block\"><div class=\"schema-faq-section\" id=\"faq-question-1721233912665\"><strong class=\"schema-faq-question\">Do I have to go to a test center to take any of the tests?<\/strong> <p class=\"schema-faq-answer\">No, the format is digital. The test can be taken from any place. An excellent internet connexion is required.<\/p> <\/div> <div class=\"schema-faq-section\" id=\"faq-question-1721233944583\"><strong class=\"schema-faq-question\">Does the FHH Certification alone includes a training?<\/strong> <p class=\"schema-faq-answer\">No, no training is included. It is a self-studying format.<br\/>Tools are given to the participants upon registration (access to the practice test, reading list, apps)<\/p> <\/div> <div class=\"schema-faq-section\" id=\"faq-question-1721233960564\"><strong class=\"schema-faq-question\">What languages are the videos series available in?<\/strong> <p class=\"schema-faq-answer\">The videos are in French and can be voiced over in English and German.<br\/>The videos are subtitled in: Arabic, Mandarin, Cantonese, English, French, Italian, Japanese, Korean and Spanish<\/p> <\/div> <div class=\"schema-faq-section\" id=\"faq-question-1734529249951\"><strong class=\"schema-faq-question\">How long after the test are the results available?<\/strong> <p class=\"schema-faq-answer\">The results of the test are published 5 days after it took place.<br\/>You will receive a PDF version by email between 15 and 20 days after, it is indicated in this email that a paper version can also be sent upon request.<\/p> <\/div> <\/div>\n\n\n\n<h2 class=\"wp-block-heading\">Consider Another Certification<\/h2>\n","protected":false},"excerpt":{"rendered":"<p><strong data-start=\"472\" data-end=\"542\">Atteignez le plus haut niveau d&rsquo;expertise reconnu par l&rsquo;industrie. <br \/><\/strong>Ma\u00eetrisez les connaissances horlog\u00e8res qu&rsquo;un client peut attendre d&rsquo;un professionnel.<\/p>\n","protected":false},"featured_media":742,"template":"","meta":{"_acf_changed":false},"product_brand":[],"product_cat":[31],"product_tag":[],"class_list":{"0":"post-494","1":"product","2":"type-product","3":"status-publish","4":"has-post-thumbnail","6":"product_cat-certifications-fr","8":"first","9":"instock","10":"virtual","11":"sold-individually","12":"taxable","13":"purchasable","14":"product-type-certification"},"acf":[],"_links":{"self":[{"href":"https:\/\/boutique.fhh.qwerpy.ch\/fr\/wp-json\/wp\/v2\/product\/494","targetHints":{"allow":["GET"]}}],"collection":[{"href":"https:\/\/boutique.fhh.qwerpy.ch\/fr\/wp-json\/wp\/v2\/product"}],"about":[{"href":"https:\/\/boutique.fhh.qwerpy.ch\/fr\/wp-json\/wp\/v2\/types\/product"}],"wp:featuredmedia":[{"embeddable":true,"href":"https:\/\/boutique.fhh.qwerpy.ch\/fr\/wp-json\/wp\/v2\/media\/742"}],"wp:attachment":[{"href":"https:\/\/boutique.fhh.qwerpy.ch\/fr\/wp-json\/wp\/v2\/media?parent=494"}],"wp:term":[{"taxonomy":"product_brand","embeddable":true,"href":"https:\/\/boutique.fhh.qwerpy.ch\/fr\/wp-json\/wp\/v2\/product_brand?post=494"},{"taxonomy":"product_cat","embeddable":true,"href":"https:\/\/boutique.fhh.qwerpy.ch\/fr\/wp-json\/wp\/v2\/product_cat?post=494"},{"taxonomy":"product_tag","embeddable":true,"href":"https:\/\/boutique.fhh.qwerpy.ch\/fr\/wp-json\/wp\/v2\/product_tag?post=494"}],"curies":[{"name":"wp","href":"https:\/\/api.w.org\/{rel}","templated":true}]}}