{"id":800,"date":"2025-01-23T16:47:47","date_gmt":"2025-01-23T15:47:47","guid":{"rendered":"https:\/\/boutique.fhh.qwerpy.ch\/store\/watch-essentials-video-series-including-watch-advisor-certification-test-2\/"},"modified":"2025-03-04T15:47:46","modified_gmt":"2025-03-04T14:47:46","slug":"watch-essentials-video-series-including-watch-advisor-certification-test-2","status":"publish","type":"product","link":"https:\/\/boutique.fhh.qwerpy.ch\/fr\/boutique\/watch-essentials-video-series-including-watch-advisor-certification-test-2\/","title":{"rendered":"WATCH ESSENTIALS VIDEO SERIES, y compris la certification WATCH ADVISOR"},"content":{"rendered":"\n<div class=\"wp-block-media-text is-stacked-on-mobile is-vertically-aligned-top\"><figure  class=\"wp-block-media-text__media\"><img loading=\"lazy\" decoding=\"async\" width=\"562\" height=\"400\" alt=\"\" src=\"https:\/\/boutique.fhh.qwerpy.ch\/app\/uploads\/2024\/07\/visuel-watch-essentials.jpg\" class=\"wp-image-697 size-full\" srcset=\"https:\/\/boutique.fhh.qwerpy.ch\/app\/uploads\/2024\/07\/visuel-watch-essentials.jpg 562w, https:\/\/boutique.fhh.qwerpy.ch\/app\/uploads\/2024\/07\/visuel-watch-essentials-300x214.jpg 300w, https:\/\/boutique.fhh.qwerpy.ch\/app\/uploads\/2024\/07\/visuel-watch-essentials-150x106.jpg 150w\" sizes=\"auto, (max-width: 562px) 100vw, 562px\" \/><\/figure><div class=\"wp-block-media-text__content\">\n<p class=\"has-text-color has-link-color wp-elements-236aa90bc5e11fde165697fb83a054fc\" style=\"color:#68afa9;font-size:22px\"><strong>Dur\u00e9e : 3 heures<\/strong><\/p>\n\n\n\n<p style=\"font-size:22px\">La formation en ligne <strong>Watch Essentials Video Series<\/strong> est compos\u00e9e de <strong>9 chapitres<\/strong> au cours desquels vous vous immergerez dans le monde fascinant de la Haute Horlogerie. <\/p>\n\n\n\n<p style=\"font-size:22px\">Au cours de cette formation, vous rencontrerez des horlogers, des historiens et des sp\u00e9cialistes qui partageront avec passion les <strong>codes et les cl\u00e9s<\/strong> qui vous permettront d&rsquo;aller plus loin dans vos connaissances ! <\/p>\n\n\n\n<p style=\"font-size:22px\">Laissez-vous emporter dans un voyage au c\u0153ur des faiseurs de temps. Le programme Watch Essentials vous conduit au niveau <ins><strong>Watch Advisor<\/strong><\/ins>, le premier du parcours de certification de la FHH.<\/p>\n<\/div><\/div>\n\n\n\n<p style=\"font-size:22px\">Les vid\u00e9os sont en fran\u00e7ais et peuvent \u00eatre doubl\u00e9es en anglais et en allemand.<br>Les vid\u00e9os sont sous-titr\u00e9es en arabe, mandarin, cantonais, anglais, fran\u00e7ais, italien, japonais, cor\u00e9en et espagnol.<\/p>\n\n\n\n<p style=\"font-size:22px\">La formation est accessible \u00e0 l&rsquo;apprenant pendant 60 jours \u00e0 compter de la date d&rsquo;achat.<\/p>\n\n\n\n<p><\/p>\n","protected":false},"excerpt":{"rendered":"<p data-start=\"0\" data-end=\"412\"><strong data-start=\"0\" data-end=\"111\">D\u00e9couvrez les fondamentaux fascinants de la haute horlogerie avec notre s\u00e9rie de vid\u00e9os <em data-start=\"90\" data-end=\"108\">Watch Essentials<\/em>.<\/strong><br data-start=\"111\" data-end=\"114\" \/>Ce cours de formation en ligne est compos\u00e9 de 9 chapitres, au cours desquels vous rencontrerez des horlogers, des historiens et des sp\u00e9cialistes partageant avec passion les codes et les cl\u00e9s pour approfondir vos connaissances. Id\u00e9al pour acqu\u00e9rir des bases solides dans l&rsquo;univers de l&rsquo;horlogerie.<\/p>\n<p data-start=\"414\" data-end=\"636\" data-is-last-node=\"\" data-is-only-node=\"\"><strong data-start=\"414\" data-end=\"428\">En plus :<\/strong> Acc\u00e9dez au test de certification <em data-start=\"462\" data-end=\"477\" data-is-only-node=\"\">Watch Advisor<\/em>, programm\u00e9 \u00e0 la fin de votre formation. Ce test validera officiellement vos connaissances et vous permettra de vous d\u00e9marquer avec une certification reconnue.<\/p>\n","protected":false},"featured_media":697,"template":"","meta":{"_acf_changed":false},"product_brand":[],"product_cat":[49],"product_tag":[],"class_list":{"0":"post-800","1":"product","2":"type-product","3":"status-publish","4":"has-post-thumbnail","6":"product_cat-formation-en-ligne","8":"first","9":"instock","10":"virtual","11":"sold-individually","12":"taxable","13":"purchasable","14":"product-type-woosb"},"acf":[],"_links":{"self":[{"href":"https:\/\/boutique.fhh.qwerpy.ch\/fr\/wp-json\/wp\/v2\/product\/800","targetHints":{"allow":["GET"]}}],"collection":[{"href":"https:\/\/boutique.fhh.qwerpy.ch\/fr\/wp-json\/wp\/v2\/product"}],"about":[{"href":"https:\/\/boutique.fhh.qwerpy.ch\/fr\/wp-json\/wp\/v2\/types\/product"}],"wp:featuredmedia":[{"embeddable":true,"href":"https:\/\/boutique.fhh.qwerpy.ch\/fr\/wp-json\/wp\/v2\/media\/697"}],"wp:attachment":[{"href":"https:\/\/boutique.fhh.qwerpy.ch\/fr\/wp-json\/wp\/v2\/media?parent=800"}],"wp:term":[{"taxonomy":"product_brand","embeddable":true,"href":"https:\/\/boutique.fhh.qwerpy.ch\/fr\/wp-json\/wp\/v2\/product_brand?post=800"},{"taxonomy":"product_cat","embeddable":true,"href":"https:\/\/boutique.fhh.qwerpy.ch\/fr\/wp-json\/wp\/v2\/product_cat?post=800"},{"taxonomy":"product_tag","embeddable":true,"href":"https:\/\/boutique.fhh.qwerpy.ch\/fr\/wp-json\/wp\/v2\/product_tag?post=800"}],"curies":[{"name":"wp","href":"https:\/\/api.w.org\/{rel}","templated":true}]}}